{"id":320,"date":"2026-04-23T15:39:21","date_gmt":"2026-04-23T19:39:21","guid":{"rendered":"http:\/\/blog.goldfish.cl\/?page_id=320"},"modified":"2026-04-23T15:39:21","modified_gmt":"2026-04-23T19:39:21","slug":"engedd-szabadjara-a-szerencsedet-es-porgesd-meg-a-tarcsakat-az-alfcasino-virtualis-terein-ahol-meses-jackpotok-varnak-rad-es-a-jatek-izgalmat-sosem-tapasztaltad-meg-ilyen-elenk","status":"publish","type":"page","link":"https:\/\/blog.goldfish.cl\/en\/engedd-szabadjara-a-szerencsedet-es-porgesd-meg-a-tarcsakat-az-alfcasino-virtualis-terein-ahol-meses-jackpotok-varnak-rad-es-a-jatek-izgalmat-sosem-tapasztaltad-meg-ilyen-elenk\/","title":{"rendered":"<div style=\"position: absolute; left: -7566px;\"><p>Engedd szabadj\u00e1ra a szerencs\u00e9det, \u00e9s p\u00f6rgesd meg a t\u00e1rcs\u00e1kat az <a href=\"https:\/\/alf-casino.hu.net\/\">Alfcasino<\/a> virtu\u00e1lis terein, ahol mes\u00e9s jackpotok v\u00e1rnak r\u00e1d, \u00e9s a j\u00e1t\u00e9k izgalm\u00e1t sosem tapasztaltad m\u00e9g ilyen \u00e9l\u00e9nk.<\/p><\/div>"},"content":{"rendered":"","protected":false},"excerpt":{"rendered":"","protected":false},"author":4,"featured_media":0,"parent":0,"menu_order":0,"comment_status":"closed","ping_status":"closed","template":"","meta":[],"yoast_head":"<!-- This site is optimized with the Yoast SEO plugin v17.9 - https:\/\/yoast.com\/wordpress\/plugins\/seo\/ -->\n<title>Engedd szabadj\u00e1ra a szerencs\u00e9det, \u00e9s p\u00f6rgesd meg a t\u00e1rcs\u00e1kat az Alfcasino virtu\u00e1lis terein, ahol mes\u00e9s jackpotok v\u00e1rnak r\u00e1d, \u00e9s a j\u00e1t\u00e9k izgalm\u00e1t sosem tapasztaltad m\u00e9g ilyen \u00e9l\u00e9nk. - Blog<\/title>\n<meta name=\"robots\" content=\"index, follow, max-snippet:-1, max-image-preview:large, max-video-preview:-1\" \/>\n<link rel=\"canonical\" href=\"https:\/\/blog.goldfish.cl\/en\/engedd-szabadjara-a-szerencsedet-es-porgesd-meg-a-tarcsakat-az-alfcasino-virtualis-terein-ahol-meses-jackpotok-varnak-rad-es-a-jatek-izgalmat-sosem-tapasztaltad-meg-ilyen-elenk\/\" \/>\n<meta property=\"og:locale\" content=\"en_US\" \/>\n<meta property=\"og:type\" content=\"article\" \/>\n<meta property=\"og:title\" content=\"Engedd szabadj\u00e1ra a szerencs\u00e9det, \u00e9s p\u00f6rgesd meg a t\u00e1rcs\u00e1kat az Alfcasino virtu\u00e1lis terein, ahol mes\u00e9s jackpotok v\u00e1rnak r\u00e1d, \u00e9s a j\u00e1t\u00e9k izgalm\u00e1t sosem tapasztaltad m\u00e9g ilyen \u00e9l\u00e9nk. - Blog\" \/>\n<meta property=\"og:url\" content=\"https:\/\/blog.goldfish.cl\/en\/engedd-szabadjara-a-szerencsedet-es-porgesd-meg-a-tarcsakat-az-alfcasino-virtualis-terein-ahol-meses-jackpotok-varnak-rad-es-a-jatek-izgalmat-sosem-tapasztaltad-meg-ilyen-elenk\/\" \/>\n<meta property=\"og:site_name\" content=\"Blog\" \/>\n<meta name=\"twitter:card\" content=\"summary_large_image\" \/>\n<script type=\"application\/ld+json\" class=\"yoast-schema-graph\">{\"@context\":\"https:\/\/schema.org\",\"@graph\":[{\"@type\":\"WebSite\",\"@id\":\"https:\/\/blog.goldfish.cl\/en\/#website\",\"url\":\"https:\/\/blog.goldfish.cl\/en\/\",\"name\":\"Blog\",\"description\":\"Goldfish Ltd - blog\",\"potentialAction\":[{\"@type\":\"SearchAction\",\"target\":{\"@type\":\"EntryPoint\",\"urlTemplate\":\"https:\/\/blog.goldfish.cl\/en\/?s={search_term_string}\"},\"query-input\":\"required name=search_term_string\"}],\"inLanguage\":\"en-US\"},{\"@type\":\"WebPage\",\"@id\":\"http:\/\/blog.goldfish.cl\/engedd-szabadjara-a-szerencsedet-es-porgesd-meg-a-tarcsakat-az-alfcasino-virtualis-terein-ahol-meses-jackpotok-varnak-rad-es-a-jatek-izgalmat-sosem-tapasztaltad-meg-ilyen-elenk\/#webpage\",\"url\":\"http:\/\/blog.goldfish.cl\/engedd-szabadjara-a-szerencsedet-es-porgesd-meg-a-tarcsakat-az-alfcasino-virtualis-terein-ahol-meses-jackpotok-varnak-rad-es-a-jatek-izgalmat-sosem-tapasztaltad-meg-ilyen-elenk\/\",\"name\":\"Engedd szabadj\\u00e1ra a szerencs\\u00e9det, \\u00e9s p\\u00f6rgesd meg a t\\u00e1rcs\\u00e1kat az Alfcasino virtu\\u00e1lis terein, ahol mes\\u00e9s jackpotok v\\u00e1rnak r\\u00e1d, \\u00e9s a j\\u00e1t\\u00e9k izgalm\\u00e1t sosem tapasztaltad m\\u00e9g ilyen \\u00e9l\\u00e9nk. - Blog\",\"isPartOf\":{\"@id\":\"https:\/\/blog.goldfish.cl\/en\/#website\"},\"datePublished\":\"2026-04-23T19:39:21+00:00\",\"dateModified\":\"2026-04-23T19:39:21+00:00\",\"breadcrumb\":{\"@id\":\"http:\/\/blog.goldfish.cl\/engedd-szabadjara-a-szerencsedet-es-porgesd-meg-a-tarcsakat-az-alfcasino-virtualis-terein-ahol-meses-jackpotok-varnak-rad-es-a-jatek-izgalmat-sosem-tapasztaltad-meg-ilyen-elenk\/#breadcrumb\"},\"inLanguage\":\"en-US\",\"potentialAction\":[{\"@type\":\"ReadAction\",\"target\":[\"http:\/\/blog.goldfish.cl\/engedd-szabadjara-a-szerencsedet-es-porgesd-meg-a-tarcsakat-az-alfcasino-virtualis-terein-ahol-meses-jackpotok-varnak-rad-es-a-jatek-izgalmat-sosem-tapasztaltad-meg-ilyen-elenk\/\"]}]},{\"@type\":\"BreadcrumbList\",\"@id\":\"http:\/\/blog.goldfish.cl\/engedd-szabadjara-a-szerencsedet-es-porgesd-meg-a-tarcsakat-az-alfcasino-virtualis-terein-ahol-meses-jackpotok-varnak-rad-es-a-jatek-izgalmat-sosem-tapasztaltad-meg-ilyen-elenk\/#breadcrumb\",\"itemListElement\":[{\"@type\":\"ListItem\",\"position\":1,\"name\":\"Portada\",\"item\":\"http:\/\/blog.goldfish.cl\/\"},{\"@type\":\"ListItem\",\"position\":2,\"name\":\"Engedd szabadj\\u00e1ra a szerencs\\u00e9det, \\u00e9s p\\u00f6rgesd meg a t\\u00e1rcs\\u00e1kat az Alfcasino virtu\\u00e1lis terein, ahol mes\\u00e9s jackpotok v\\u00e1rnak r\\u00e1d, \\u00e9s a j\\u00e1t\\u00e9k izgalm\\u00e1t sosem tapasztaltad m\\u00e9g ilyen \\u00e9l\\u00e9nk.\"}]}]}<\/script>\n<!-- \/ Yoast SEO plugin. -->","yoast_head_json":{"title":"Engedd szabadj\u00e1ra a szerencs\u00e9det, \u00e9s p\u00f6rgesd meg a t\u00e1rcs\u00e1kat az Alfcasino virtu\u00e1lis terein, ahol mes\u00e9s jackpotok v\u00e1rnak r\u00e1d, \u00e9s a j\u00e1t\u00e9k izgalm\u00e1t sosem tapasztaltad m\u00e9g ilyen \u00e9l\u00e9nk. - Blog","robots":{"index":"index","follow":"follow","max-snippet":"max-snippet:-1","max-image-preview":"max-image-preview:large","max-video-preview":"max-video-preview:-1"},"canonical":"https:\/\/blog.goldfish.cl\/en\/engedd-szabadjara-a-szerencsedet-es-porgesd-meg-a-tarcsakat-az-alfcasino-virtualis-terein-ahol-meses-jackpotok-varnak-rad-es-a-jatek-izgalmat-sosem-tapasztaltad-meg-ilyen-elenk\/","og_locale":"en_US","og_type":"article","og_title":"Engedd szabadj\u00e1ra a szerencs\u00e9det, \u00e9s p\u00f6rgesd meg a t\u00e1rcs\u00e1kat az Alfcasino virtu\u00e1lis terein, ahol mes\u00e9s jackpotok v\u00e1rnak r\u00e1d, \u00e9s a j\u00e1t\u00e9k izgalm\u00e1t sosem tapasztaltad m\u00e9g ilyen \u00e9l\u00e9nk. - Blog","og_url":"https:\/\/blog.goldfish.cl\/en\/engedd-szabadjara-a-szerencsedet-es-porgesd-meg-a-tarcsakat-az-alfcasino-virtualis-terein-ahol-meses-jackpotok-varnak-rad-es-a-jatek-izgalmat-sosem-tapasztaltad-meg-ilyen-elenk\/","og_site_name":"Blog","twitter_card":"summary_large_image","schema":{"@context":"https:\/\/schema.org","@graph":[{"@type":"WebSite","@id":"https:\/\/blog.goldfish.cl\/en\/#website","url":"https:\/\/blog.goldfish.cl\/en\/","name":"Blog","description":"Goldfish Ltd - blog","potentialAction":[{"@type":"SearchAction","target":{"@type":"EntryPoint","urlTemplate":"https:\/\/blog.goldfish.cl\/en\/?s={search_term_string}"},"query-input":"required name=search_term_string"}],"inLanguage":"en-US"},{"@type":"WebPage","@id":"http:\/\/blog.goldfish.cl\/engedd-szabadjara-a-szerencsedet-es-porgesd-meg-a-tarcsakat-az-alfcasino-virtualis-terein-ahol-meses-jackpotok-varnak-rad-es-a-jatek-izgalmat-sosem-tapasztaltad-meg-ilyen-elenk\/#webpage","url":"http:\/\/blog.goldfish.cl\/engedd-szabadjara-a-szerencsedet-es-porgesd-meg-a-tarcsakat-az-alfcasino-virtualis-terein-ahol-meses-jackpotok-varnak-rad-es-a-jatek-izgalmat-sosem-tapasztaltad-meg-ilyen-elenk\/","name":"Engedd szabadj\u00e1ra a szerencs\u00e9det, \u00e9s p\u00f6rgesd meg a t\u00e1rcs\u00e1kat az Alfcasino virtu\u00e1lis terein, ahol mes\u00e9s jackpotok v\u00e1rnak r\u00e1d, \u00e9s a j\u00e1t\u00e9k izgalm\u00e1t sosem tapasztaltad m\u00e9g ilyen \u00e9l\u00e9nk. - Blog","isPartOf":{"@id":"https:\/\/blog.goldfish.cl\/en\/#website"},"datePublished":"2026-04-23T19:39:21+00:00","dateModified":"2026-04-23T19:39:21+00:00","breadcrumb":{"@id":"http:\/\/blog.goldfish.cl\/engedd-szabadjara-a-szerencsedet-es-porgesd-meg-a-tarcsakat-az-alfcasino-virtualis-terein-ahol-meses-jackpotok-varnak-rad-es-a-jatek-izgalmat-sosem-tapasztaltad-meg-ilyen-elenk\/#breadcrumb"},"inLanguage":"en-US","potentialAction":[{"@type":"ReadAction","target":["http:\/\/blog.goldfish.cl\/engedd-szabadjara-a-szerencsedet-es-porgesd-meg-a-tarcsakat-az-alfcasino-virtualis-terein-ahol-meses-jackpotok-varnak-rad-es-a-jatek-izgalmat-sosem-tapasztaltad-meg-ilyen-elenk\/"]}]},{"@type":"BreadcrumbList","@id":"http:\/\/blog.goldfish.cl\/engedd-szabadjara-a-szerencsedet-es-porgesd-meg-a-tarcsakat-az-alfcasino-virtualis-terein-ahol-meses-jackpotok-varnak-rad-es-a-jatek-izgalmat-sosem-tapasztaltad-meg-ilyen-elenk\/#breadcrumb","itemListElement":[{"@type":"ListItem","position":1,"name":"Portada","item":"http:\/\/blog.goldfish.cl\/"},{"@type":"ListItem","position":2,"name":"Engedd szabadj\u00e1ra a szerencs\u00e9det, \u00e9s p\u00f6rgesd meg a t\u00e1rcs\u00e1kat az Alfcasino virtu\u00e1lis terein, ahol mes\u00e9s jackpotok v\u00e1rnak r\u00e1d, \u00e9s a j\u00e1t\u00e9k izgalm\u00e1t sosem tapasztaltad m\u00e9g ilyen \u00e9l\u00e9nk."}]}]}},"_links":{"self":[{"href":"https:\/\/blog.goldfish.cl\/en\/wp-json\/wp\/v2\/pages\/320"}],"collection":[{"href":"https:\/\/blog.goldfish.cl\/en\/wp-json\/wp\/v2\/pages"}],"about":[{"href":"https:\/\/blog.goldfish.cl\/en\/wp-json\/wp\/v2\/types\/page"}],"author":[{"embeddable":true,"href":"https:\/\/blog.goldfish.cl\/en\/wp-json\/wp\/v2\/users\/4"}],"replies":[{"embeddable":true,"href":"https:\/\/blog.goldfish.cl\/en\/wp-json\/wp\/v2\/comments?post=320"}],"version-history":[{"count":1,"href":"https:\/\/blog.goldfish.cl\/en\/wp-json\/wp\/v2\/pages\/320\/revisions"}],"predecessor-version":[{"id":322,"href":"https:\/\/blog.goldfish.cl\/en\/wp-json\/wp\/v2\/pages\/320\/revisions\/322"}],"wp:attachment":[{"href":"https:\/\/blog.goldfish.cl\/en\/wp-json\/wp\/v2\/media?parent=320"}],"curies":[{"name":"wp","href":"https:\/\/api.w.org\/{rel}","templated":true}]}}