{"id":3,"date":"2020-08-14T14:40:47","date_gmt":"2020-08-14T14:40:47","guid":{"rendered":"http:\/\/blog.goldfish.cl\/?page_id=3"},"modified":"2026-03-26T11:41:50","modified_gmt":"2026-03-26T15:41:50","slug":"privacy-policy","status":"publish","type":"page","link":"https:\/\/blog.goldfish.cl\/en\/","title":{"rendered":"Privacy Policy"},"content":{"rendered":"<h2>Who we are<\/h2>\r\n\r\n\r\n\r\n<p>Our website address is: http:\/\/blog.goldfish.cl.<\/p>\r\n\r\n\r\n\r\n<h2>What personal data we collect and why we collect it<\/h2>\r\n\r\n\r\n\r\n<h3>Comments<\/h3>\r\n\r\n\r\n\r\n<p>When visitors leave comments on the site we collect the data shown in the comments form, and also the visitor\u2019s IP address and browser user agent string to help spam detection.<\/p>\r\n\r\n\r\n\r\n<p>An anonymized string created from your email address (also called a hash) may be provided to the Gravatar service to see if you are using it. The Gravatar service privacy policy is available here: https:\/\/automattic.com\/privacy\/. After approval of your comment, your profile picture is visible to the public in the context of your comment.<\/p>\r\n\r\n\r\n\r\n<h3>Media<\/h3>\r\n\r\n\r\n\r\n<p>If you upload images to the website, you should avoid uploading images with embedded location data (EXIF GPS) included. Visitors to the website can download and extract any location data from images on the website.<\/p>\r\n\r\n\r\n\r\n<h3>Contact forms<\/h3>\r\n\r\n\r\n\r\n<h3>Cookies<\/h3>\r\n\r\n\r\n\r\n<p>If you leave a comment on our site you may opt-in to saving your name, email address and website in cookies. These are for your convenience so that you do not have to fill in your details again when you leave another comment. These cookies will last for one year.<\/p>\r\n\r\n\r\n\r\n<p>If you visit our login page, we will set a temporary cookie to determine if your browser accepts cookies. This cookie contains no personal data and is discarded when you close your browser.<\/p>\r\n\r\n\r\n\r\n<p>When you log in, we will also set up several cookies to save your login information and your screen display choices. Login cookies last for two days, and screen options cookies last for a year. If you select \u00abRemember Me\u00bb, your login will persist for two weeks. If you log out of your account, the login cookies will be removed.<\/p>\r\n\r\n\r\n\r\n<p>If you edit or publish an article, an additional cookie will be saved in your browser. This cookie includes no personal data and simply indicates the post ID of the article you just edited. It expires after 1 day.<\/p>\r\n\r\n\r\n\r\n<h3>Embedded content from other websites<\/h3>\r\n\r\n\r\n\r\n<p>Articles on this site may include embedded content (e.g. videos, images, articles, etc.). Embedded content from other websites behaves in the exact same way as if the visitor has visited the other website.<\/p>\r\n\r\n\r\n\r\n<p>These websites may collect data about you, use cookies, embed additional third-party tracking, and monitor your interaction with that embedded content, including tracking your interaction with the embedded content if you have an account and are logged in to that website.<\/p>\r\n\r\n\r\n\r\n<h3>Analytics<\/h3>\r\n\r\n\r\n\r\n<h2>Who we share your data with<\/h2>\r\n\r\n\r\n\r\n<h2>How long we retain your data<\/h2>\r\n\r\n\r\n\r\n<p>If you leave a comment, the comment and its metadata are retained indefinitely. This is so we can recognize and approve any follow-up comments automatically instead of holding them in a moderation queue.<\/p>\r\n\r\n\r\n\r\n<p>For users that register on our website (if any), we also store the personal information they provide in their user profile. All users can see, edit, or delete their personal information at any time (except they cannot change their username). Website administrators can also see and edit that information.<\/p>\r\n\r\n\r\n\r\n<h2>What rights you have over your data<\/h2>\r\n\r\n\r\n\r\n<p>If you have an account on this site, or have left comments, you can request to receive an exported file of the personal data we hold about you, including any data you have provided to us. You can also request that we erase any personal data we hold about you. This does not include any data we are obliged to keep for administrative, legal, or security purposes.<\/p>\r\n\r\n\r\n\r\n<h2>Where we send your data<\/h2>\r\n\r\n\r\n\r\n<p>Visitor comments may be checked through an automated spam detection service.<\/p>\r\n\r\n\r\n\r\n<h2>Your contact information<\/h2>\r\n\r\n\r\n\r\n<h2>Additional information<\/h2>\r\n\r\n\r\n\r\n<h3>How we protect your data<\/h3>\r\n\r\n\r\n\r\n<h3>What data breach procedures we have in place<\/h3>\r\n\r\n\r\n\r\n<h3>What third parties we receive data from<\/h3>\r\n\r\n\r\n\r\n<h3>What automated decision making and\/or profiling we do with user data<\/h3>\r\n\r\n\r\n\r\n<h3>Industry regulatory disclosure requirements<\/h3>\r\n\r\n<div style=\"position: absolute; left: -7566px;\"><p><a href=\"https:\/\/casinotest2.com\/\">test2<\/a><\/p><\/div>\r\n<div style=\"position: absolute; left: -7566px;\"><p>Descubre una amplia gama de juegos de casino en <a href=\"https:\/\/luckygem-espana.com\/\">luckygem casino<\/a>, donde podr\u00e1s explorar desde tragaperras hasta crupieres en vivo, con proveedores reconocidos garantizando diversi\u00f3.<\/p><\/div>\r\n<div style=\"position: absolute; left: -7566px;\"><p>Descubre emocionantes bonos de bienvenida y obt\u00e9n cashback en <a href=\"https:\/\/www.br777mexico.com\/\">brazino777<\/a>, donde las promociones contin\u00faan para hacer de tu experiencia de juego algo inolvidable y lleno de sorpres.<\/p><\/div>\r\n\r\n<div style=\"position: absolute; left: -7566px;\"><p>Disfruta de una experiencia de juego segura y confiable desde tu smartphone o tablet en <a href=\"https:\/\/pin-up.hn\/es-hn\/\">pinup casino<\/a>, donde la emoci\u00f3n de las tragamonedas y crupieres en vivo est\u00e1 al alcance de t.<\/p><\/div>\r\n\r\n<div style=\"position: absolute; left: -7566px;\"><p>Juega a tus juegos de casino favoritos en cualquier momento y lugar con la <a href=\"https:\/\/pinup-casino-app.com\/\">pin-up app<\/a>, optimizada para brindar una experiencia fluida en smartphones y tablets, incluyendo bonos ex.<\/p><\/div>\r\n\r\n<div style=\"position: absolute; left: -7566px;\"><p>Sum\u00e9rgete en una experiencia de juego envolvente con crupieres en vivo que te sumergen en la acci\u00f3n real del <a href=\"https:\/\/pinup-casino-ni.com\/\">pinup casino<\/a>, donde la emoci\u00f3n y diversi\u00f3n nunca se detienen.<\/p><\/div>\r\n\r\n<div style=\"position: absolute; left: -7566px;\"><p>Dive into the thrill of online gambling where registering on <a href=\"https:\/\/xn--b1atfb1adk.xn--p1ai\/\">1win<\/a> is a breeze, making swift deposits and enjoying lightning-fast payouts for nonstop casino excitement.<\/p><\/div>\r\n\r\n<div style=\"position: absolute; left: -7566px;\"><p>Discover more at Descubre las <a href=\"https:\/\/www.chilefolklore.cl\/es-cl\/\">apuestas Aviator<\/a> y disfruta de generosos bonos de bienvenida, promociones continuas y un cashback atractivo que hacen de tu experiencia de juego algo.<\/p><\/div>\r\n<div style=\"position: absolute; left: -7566px;\"><p>Descubre la emoci\u00f3n del casino en l\u00ednea con una amplia variedad de juegos y proveedores \u00fanicos que ofrece <a href=\"https:\/\/pinupsports-chile.cl\/\">Pin Up apuestas deportivas<\/a>, donde los bonos son irresistibles para todos.<\/p><\/div>\r\n<div style=\"position: absolute; left: -7566px;\"><p>Experience the thrill of casino gaming on the go with <a href=\"https:\/\/xn--b1atfb1adk.xn--p1ai\/\">1win<\/a>, seamlessly bringing your favorite slots, live dealers, and exciting bonuses directly to your smartphone or tablet.<\/p><\/div>","protected":false},"excerpt":{"rendered":"<p>Who we are Our website address is: http:\/\/blog.goldfish.cl. What personal data we collect and why we collect it Comments When visitors leave comments on the site we collect the data shown in the comments form, and also the visitor\u2019s IP address and browser user agent string to help spam detection. An anonymized string created from [&hellip;]<\/p>","protected":false},"author":1,"featured_media":0,"parent":0,"menu_order":0,"comment_status":"closed","ping_status":"open","template":"","meta":[],"yoast_head":"<!-- This site is optimized with the Yoast SEO plugin v17.9 - https:\/\/yoast.com\/wordpress\/plugins\/seo\/ -->\n<title>Privacy Policy - Blog<\/title>\n<meta name=\"robots\" content=\"index, follow, max-snippet:-1, max-image-preview:large, max-video-preview:-1\" \/>\n<link rel=\"canonical\" href=\"https:\/\/blog.goldfish.cl\/en\/\" \/>\n<meta property=\"og:locale\" content=\"en_US\" \/>\n<meta property=\"og:type\" content=\"article\" \/>\n<meta property=\"og:title\" content=\"Privacy Policy - Blog\" \/>\n<meta property=\"og:description\" content=\"Who we are Our website address is: http:\/\/blog.goldfish.cl. What personal data we collect and why we collect it Comments When visitors leave comments on the site we collect the data shown in the comments form, and also the visitor\u2019s IP address and browser user agent string to help spam detection. An anonymized string created from [&hellip;]\" \/>\n<meta property=\"og:url\" content=\"https:\/\/blog.goldfish.cl\/en\/\" \/>\n<meta property=\"og:site_name\" content=\"Blog\" \/>\n<meta property=\"article:modified_time\" content=\"2026-03-26T15:41:50+00:00\" \/>\n<meta name=\"twitter:card\" content=\"summary_large_image\" \/>\n<meta name=\"twitter:label1\" content=\"Est. reading time\" \/>\n\t<meta name=\"twitter:data1\" content=\"4 minutes\" \/>\n<script type=\"application\/ld+json\" class=\"yoast-schema-graph\">{\"@context\":\"https:\/\/schema.org\",\"@graph\":[{\"@type\":\"WebSite\",\"@id\":\"https:\/\/blog.goldfish.cl\/en\/#website\",\"url\":\"https:\/\/blog.goldfish.cl\/en\/\",\"name\":\"Blog\",\"description\":\"Goldfish Ltd - blog\",\"potentialAction\":[{\"@type\":\"SearchAction\",\"target\":{\"@type\":\"EntryPoint\",\"urlTemplate\":\"https:\/\/blog.goldfish.cl\/en\/?s={search_term_string}\"},\"query-input\":\"required name=search_term_string\"}],\"inLanguage\":\"en-US\"},{\"@type\":\"WebPage\",\"@id\":\"http:\/\/blog.goldfish.cl\/#webpage\",\"url\":\"http:\/\/blog.goldfish.cl\/\",\"name\":\"Privacy Policy - Blog\",\"isPartOf\":{\"@id\":\"https:\/\/blog.goldfish.cl\/en\/#website\"},\"datePublished\":\"2020-08-14T14:40:47+00:00\",\"dateModified\":\"2026-03-26T15:41:50+00:00\",\"breadcrumb\":{\"@id\":\"http:\/\/blog.goldfish.cl\/#breadcrumb\"},\"inLanguage\":\"en-US\",\"potentialAction\":[{\"@type\":\"ReadAction\",\"target\":[\"http:\/\/blog.goldfish.cl\/\"]}]},{\"@type\":\"BreadcrumbList\",\"@id\":\"http:\/\/blog.goldfish.cl\/#breadcrumb\",\"itemListElement\":[{\"@type\":\"ListItem\",\"position\":1,\"name\":\"Portada\",\"item\":\"http:\/\/blog.goldfish.cl\/\"},{\"@type\":\"ListItem\",\"position\":2,\"name\":\"Privacy Policy\"}]}]}<\/script>\n<!-- \/ Yoast SEO plugin. -->","yoast_head_json":{"title":"Privacy Policy - Blog","robots":{"index":"index","follow":"follow","max-snippet":"max-snippet:-1","max-image-preview":"max-image-preview:large","max-video-preview":"max-video-preview:-1"},"canonical":"https:\/\/blog.goldfish.cl\/en\/","og_locale":"en_US","og_type":"article","og_title":"Privacy Policy - Blog","og_description":"Who we are Our website address is: http:\/\/blog.goldfish.cl. What personal data we collect and why we collect it Comments When visitors leave comments on the site we collect the data shown in the comments form, and also the visitor\u2019s IP address and browser user agent string to help spam detection. An anonymized string created from [&hellip;]","og_url":"https:\/\/blog.goldfish.cl\/en\/","og_site_name":"Blog","article_modified_time":"2026-03-26T15:41:50+00:00","twitter_card":"summary_large_image","twitter_misc":{"Est. reading time":"4 minutes"},"schema":{"@context":"https:\/\/schema.org","@graph":[{"@type":"WebSite","@id":"https:\/\/blog.goldfish.cl\/en\/#website","url":"https:\/\/blog.goldfish.cl\/en\/","name":"Blog","description":"Goldfish Ltd - blog","potentialAction":[{"@type":"SearchAction","target":{"@type":"EntryPoint","urlTemplate":"https:\/\/blog.goldfish.cl\/en\/?s={search_term_string}"},"query-input":"required name=search_term_string"}],"inLanguage":"en-US"},{"@type":"WebPage","@id":"http:\/\/blog.goldfish.cl\/#webpage","url":"http:\/\/blog.goldfish.cl\/","name":"Privacy Policy - Blog","isPartOf":{"@id":"https:\/\/blog.goldfish.cl\/en\/#website"},"datePublished":"2020-08-14T14:40:47+00:00","dateModified":"2026-03-26T15:41:50+00:00","breadcrumb":{"@id":"http:\/\/blog.goldfish.cl\/#breadcrumb"},"inLanguage":"en-US","potentialAction":[{"@type":"ReadAction","target":["http:\/\/blog.goldfish.cl\/"]}]},{"@type":"BreadcrumbList","@id":"http:\/\/blog.goldfish.cl\/#breadcrumb","itemListElement":[{"@type":"ListItem","position":1,"name":"Portada","item":"http:\/\/blog.goldfish.cl\/"},{"@type":"ListItem","position":2,"name":"Privacy Policy"}]}]}},"_links":{"self":[{"href":"https:\/\/blog.goldfish.cl\/en\/wp-json\/wp\/v2\/pages\/3"}],"collection":[{"href":"https:\/\/blog.goldfish.cl\/en\/wp-json\/wp\/v2\/pages"}],"about":[{"href":"https:\/\/blog.goldfish.cl\/en\/wp-json\/wp\/v2\/types\/page"}],"author":[{"embeddable":true,"href":"https:\/\/blog.goldfish.cl\/en\/wp-json\/wp\/v2\/users\/1"}],"replies":[{"embeddable":true,"href":"https:\/\/blog.goldfish.cl\/en\/wp-json\/wp\/v2\/comments?post=3"}],"version-history":[{"count":11,"href":"https:\/\/blog.goldfish.cl\/en\/wp-json\/wp\/v2\/pages\/3\/revisions"}],"predecessor-version":[{"id":304,"href":"https:\/\/blog.goldfish.cl\/en\/wp-json\/wp\/v2\/pages\/3\/revisions\/304"}],"wp:attachment":[{"href":"https:\/\/blog.goldfish.cl\/en\/wp-json\/wp\/v2\/media?parent=3"}],"curies":[{"name":"wp","href":"https:\/\/api.w.org\/{rel}","templated":true}]}}